{"id":13,"date":"2023-06-03T19:22:47","date_gmt":"2023-06-03T17:22:47","guid":{"rendered":"https:\/\/infocordoba.com\/?page_id=13"},"modified":"2023-06-10T19:32:26","modified_gmt":"2023-06-10T17:32:26","slug":"history-of-cordoba","status":"publish","type":"page","link":"https:\/\/infocordoba.com\/?page_id=13","title":{"rendered":"History of Cordoba"},"content":{"rendered":"\n<p>Cordoba was greatly shaped by its long Roman presence (<em>Corduba Colonia Patricia<\/em>&nbsp;was capital of the province&nbsp;<em>Hispania Ulterior Baetica<\/em>) and later Moslem occupation (<em>Qurtuba&nbsp;<\/em>became capital of the powerful Ummayad Caliphate). Both left their monuments and personality. The following is a timeline of Cordoba from its pre-history until the years leading up to the final conquest of Moorish Spain by Isabel and Ferdinand in 1492.<\/p>\n\n\n\n<figure class=\"wp-block-table\"><table><tbody><tr><td><strong>Cordoba Pre-History<\/strong><strong><\/strong><\/td><td>&nbsp;<\/td><\/tr><tr><td><strong>300,000-35,000 BC<\/strong>&nbsp;(Lower Paleolithic Era) Rudimentary stone tools made from river stones along Guadajoz, El Genil and Guadalquivir rivers. <strong>100,000 BC&nbsp;<\/strong>Neanderthals in Palma del Rio. &#8220;<em>Homo fossilis Cordubensis<\/em>&#8221; Neanderthal skeleton found&#8211;its late dating may indicate co-habitation with&nbsp;<em>homo sapiens sapiens<\/em>. <strong>Upper Paleolithic<\/strong>: no known archeological findings in near city-remains found in southern province Sub\u00e9tica Mountains <strong>4000 BC<\/strong>&nbsp;Neolithic Cave Culture<br>&#8211; agriculture, herding, stone weapons in Sub\u00e9tica mountain range (Zuheros, Priego, Rute)<br>&#8211; skull of first &#8220;Cordob\u00e9s&#8221; found in Zuheros (Archeological Museum)<br>&#8211; cave art in Zuheros, Priego, Rute and Do\u00f1a Menc\u00eda <strong>3000 BC<\/strong>&nbsp;Influx of peoples from eastern regions (Almeria)<br>&#8211; appearance of small, fortified urbs and latifundios<br>&#8211; ca 1500 BC small village established in &#8220;La Verdad&#8221; neighborhood<br>&#8211; economy: copper mining, herding, farming<br>&#8211; dolmens built by local kings (Dolmen de la Silera) and land owners<br>&#8211; smooth ceramics, copper knives.<br>&#8211; The Montilla Treasure (National Archeological Museum)<br>&#8211; The Cup of Fuente Palmera (Archeological Museum)<\/td><td>&nbsp;<\/td><\/tr><tr><td>&nbsp; <strong>The Iberians in Cordoba<\/strong><strong><\/strong><\/td><td>&nbsp;<\/td><\/tr><tr><td><strong>7th Century BC<\/strong><br>&#8211; Influx of Indoeuropeans: Punic, Carthaginian and Greek influences arrive from Gades (C\u00e1diz)<br>&#8211; Iberian towns: Ategua (ruins north of Espejo), Castro Viejo, Izcar, Iponuba (ruins south of Baena), Torremorana, Ucub (Espejo), Ipagro(?), Monturque<br>&#8211; Stellas (Ategua)<br>&#8211; Painted, geometrically decorated cups (Archeological Museum)<br>&#8211; Iberian sculptures (Archeological Museum)<\/td><td><\/td><\/tr><tr><td>&nbsp; <strong>Romans (760 years in Cordoba)<\/strong><strong><br><\/strong>&#8211; Via Augusta road crosses Roman bridge SW to Gades (C\u00e1diz) and north to Fons Mellana (Fuente Ovejuna), continuing to Emerita (M\u00e9rida).<br>&#8211; Pax Romana: centuries of peace and prosperity. Agriculture and olive oil trade. mining.<br>&#8211; Architecture: Roman bridge, Temple of Augustus, Cercadilla Palace, Roman Theatre, Funerary Monuments, Roman Walls, Aqueduct<br>&#8211; Art: abundant columns, capitals, mosaics, sculptures and ceramics<strong><\/strong><\/td><td>&nbsp; &nbsp; <a href=\"http:\/\/penelope.uchicago.edu\/Thayer\/E\/Gazetteer\/Maps\/Periods\/Roman\/Places\/Europe\/Iberia\/Baetica\/1.html\">Roman Atlas of Baetica<\/a> <a href=\"http:\/\/penelope.uchicago.edu\/holland\/pliny3.html\">Pliny&#8217;s Natural History<\/a><\/td><\/tr><tr><td><strong>Cordoba During the Republic<\/strong><strong><br><\/strong><strong>206 BC<\/strong>&nbsp;Battle of Ilipa leaves Romans in control of Guadalquivir River Valley.<br><strong>200 BC<\/strong>&nbsp;Lucio Mario takes control of primitive Iberian town? Archeological traces of Roman presence in town.<br><strong>175 BC&nbsp;<\/strong>Construction of walls, buildings. Possible layout of city.<br><strong>169\/168 BC or 152\/151 BC<\/strong>: Claudio Marcelo founds walled&nbsp;<em>colonia latina<\/em>&nbsp;(?) of Corduba, inhabited by chosen local people and Romans.<br><strong>149 BC<\/strong>&nbsp;Viriato lays seige to Cordoba.<br><strong>ca 100 BC&nbsp;<\/strong>Pre-Roman settlement east of Cordoba abandoned. Building of monuments in new city.<br><strong>113 BC<\/strong>&nbsp;historical references made to forum in Cordoba.<br><strong>76 BC&nbsp;<\/strong>Earthquake hits Cordoba.<br><a><\/a><strong>49 BC&nbsp;<\/strong>Caesar meets in Cordoba with leaders of other Roman cities who had united with him against Pompey. Plants commemorative&nbsp;<em>platanus&nbsp;<\/em>tree.<br><strong>45 BC&nbsp;<\/strong>Cordoba taken by Pompey and attacked unsuccessfully by Caesar, who fights Cneo in Montemayor and re-conquers Ategua. Battle of Munda (Montilla?). Caesar re-takes Cordoba, destroying it and causing 22,000 casualties.<br>&#8211; City comes into favor again under emperor Claudius<br>&#8211; Construction of imperial cult&nbsp;<a href=\"https:\/\/infocordoba.com\/spain\/andalusia\/cordoba\/info\/roman\/cordoba_roman_temple.htm\">temple<\/a>&nbsp;(dedicated to Claudius?)<br><strong>15 BC&nbsp;<\/strong>Construction of&nbsp;<strong>theatre<\/strong>&nbsp;begins.<br><strong>13 BC&nbsp;<\/strong>First coins minted printed with&nbsp;<em>Colonia Patricia<\/em><br><strong>4 BC&nbsp;<\/strong>Birth of Seneca, philosopher who committed suicide after being condemned to death by Nero.<br>27 AD Territorial reorganization:&nbsp;<em>Corduba&nbsp;<\/em>designated&nbsp;<em>Colonia Patricia<\/em>&nbsp;and capital of&nbsp;<em>Hispania Ulterior Baetica<\/em>.<strong><\/strong><\/td><td>&nbsp;<\/td><\/tr><tr><td><strong>Cordoba under the Empire (39 AD-6th Century AD)<\/strong><br><strong>39 AD<\/strong>&nbsp;&#8211; Birth of Marco Anneo Lucano, poet and nephew of Seneca. Committed suicide after unsuccessfully conspiring against Nero.<br><strong>ca 175&nbsp;<\/strong>Dismantling of eastern circus.<br><strong>ca 215&nbsp;<\/strong>Inscription commemorates theatrical representations, gladiator games (amphitheatre) and races in the circus in Cordoba.<br><strong>ca 262<\/strong>&nbsp;Earthquake destroys theatre.<br><strong>269&nbsp;<\/strong>Severo becomes first bishop of Cordoba<br><strong>294&nbsp;<\/strong>Osio becomes bishop of Cordoba. Advises Emperor Constantine.<br><strong>294-296&nbsp;<\/strong>Construction of&nbsp;<strong>Palatium Maximiani<\/strong>&nbsp;in Cercadilla neighborhood.<br><strong>4th Century<\/strong>&nbsp;Transformation of city: certain streets abandoned, Provincial forum occupied with houses, temple dismantled. Appearance of Christian basilicas and places of worship.<strong><\/strong><\/td><td>&nbsp;<\/td><\/tr><tr><td>&nbsp; <a><\/a><strong>Visigoths (150 years in Cordoba)<\/strong><strong><br><\/strong>-Visigoths have relatively short span of rule in Cordoba, which retains much of its Roman identity.<br>-Christian basilicas appear (Santa Clara, San Vicente) in mid 5th Century.<strong><\/strong><\/td><td>&nbsp;<\/td><\/tr><tr><td><strong>409<\/strong>&nbsp;Vandals, Suevos and Alanos invade Spain.<br><strong>458-9<\/strong>&nbsp;Visigoths expell other Germanic tribes from Spain. Cordoba maintains independence from Visigoth government in Toledo and Byzantine imperial government.<br><strong>550<\/strong>&nbsp;In battles between Visigoths and Byzantine Empire, Agila attacks Cordoba and is defeated.<br><strong>584<\/strong>&nbsp;Leovigildo takes Cordoba in civil war against his son, Hermenegildo. Cordoba loses autonomous status and lives 150 years of Visigoth rule.<\/td><td>&nbsp;<\/td><\/tr><tr><td>&nbsp; <strong>Islamic Cordoba (525 years):&nbsp;<a><\/a>The Moors in Al-Andalus<\/strong><br>&#8211; Reconstruction of Roman bridge, Alcazar. Construction of Al-Rusafa, Aljama or Great Friday Mosque, Medina al-Zarhara (936), Albolafia Water Mill (1136),<br>&#8211; Capital of Ummayid Caliphate, which makes&nbsp;<em>Qurtuba<\/em>&nbsp;the leading economic, political and cultural center of Europe during the so-called Dark Ages.<br>&#8211; Great Mosque the culmination of Islamic Architecture in Spain<strong><\/strong><\/td><td>&nbsp;<\/td><\/tr><tr><td><strong>The Emirate of Damascus (711-756)<\/strong><strong><\/strong><\/td><td>&nbsp;<\/td><\/tr><tr><td><strong>711<\/strong>&nbsp;&#8211; Tariq leads a group of Moslem soldiers on the conquests of Spain, disembarking near Gibraltar. His lieutenant, Mugit, conquers Cordoba from Visigoths. 400 Visigoth men besieged outside city in St. Acisclo church for 3 months.<br><strong>716<\/strong>&nbsp;&#8211; Emir al-Hurr makes Cordoba his administrative center.<\/td><td>&nbsp;<\/td><\/tr><tr><td>&nbsp;<\/td><td>&nbsp;<\/td><\/tr><tr><td><a><\/a><strong>Independent Ummayad Emirate (756-929)<\/strong><br><strong>756<\/strong>&nbsp;Abd al-Rahman I defeats and deposes the emir of&nbsp;<em>Al-Andalus<\/em>.<br><strong>785&nbsp;<\/strong>Construction of Alcazar begun.<br><strong>786<\/strong>&nbsp;Construction of Great Mosque begun.<br><strong>788<\/strong>&nbsp;Construction of one of the oldest known mosques in Cordoba, still evident in Santiago Church.<br><strong>818<\/strong>&nbsp;Revolt against al-Hakam I and razing of Saqunda neighborhood on south bank of river. 20,000 exiles.<br><strong>848<\/strong>&nbsp;Abd al-Rahman II&#8217;s expansion of Great Mosque completed.<br><strong>ca 900&nbsp;<\/strong>Construction of mosque on site where San Juan de los Caballeros church now stands (Minaret still stands).<\/td><td>&nbsp;<\/td><\/tr><tr><td>&nbsp; <a><\/a><strong>Ummayad Califate (929-1031)<\/strong><br><strong>929<\/strong>&nbsp;Abd al-Rahman III proclaims himself Caliph, beginning Cordoba&#8217;s era of maximum political, economic and cultural hegemony.<br><strong>936\/941<\/strong>Construction of palace city&nbsp;<em>Madinat al-Zahra&#8217;<\/em>&nbsp;(Medina Azahara) on western outskirts begins. Within a few years government is transfered there.<br><strong>941<\/strong>&nbsp;Great Aljama Mosque built<br><strong>2nd half 10th C<\/strong>&nbsp;Period of maximum urban expansion.<br>-Construction of minaret of mosque on site of present San Lorenzo church (partially conserved).<br><strong>962-965<\/strong>&nbsp;al-Hakam II&#8217;s expansion of Great Mosque. Construction of mihrab and maqsura present today.<br><strong>979-981<\/strong>&nbsp;Building by Almanzor of new city,&nbsp;<em>Madinat al-Zahira<\/em>, outside of Corodba (east?).<br><strong>988<\/strong>&nbsp;Almanzor&#8217;s expansion of Great Mosque to present dimensions.<br><strong>1009-1031<\/strong>&nbsp;Civil war. Breaking up of Caliphate into Taifa Kingdoms. Destruction of Medina al-Zahira, Medina Azahara.<\/td><td>&nbsp; <\/td><\/tr><tr><td>&nbsp; <strong>Taifa Kingdoms (1031-1091)<\/strong><br>1069 The taifa king of Seville annexes Cordoba.<br>1075 Cordoba taken by the taifa kingdom of Toledo.<br>1078 Cordoba re-taken by Seville.<\/td><td>&nbsp;<\/td><\/tr><tr><td><strong>Almor\u00e1vide Period (1091-1147)<\/strong><br>1091 Cordoba becomes part of Almor\u00e1vide empire<br>1136 Construction of the Albolafia water mill<\/td><td>&nbsp;<\/td><\/tr><tr><td><a><\/a><strong>Almohade Caliphate (1147-1236)<\/strong><br>1162 Cordoba becomes capital of&nbsp;<em>al-Andalus<\/em>&nbsp;again, leading to urban renewal: fortress on south bank of river, Arab baths and rebuilding of walls.<br>1236 Ferndinand III, King of Castille and Leon, conquers Cordoba.<\/td><td>&nbsp;<\/td><\/tr><tr><td>&nbsp; <strong>Christian Cordoba (1236-1475)<\/strong><\/td><td>&nbsp;<\/td><\/tr><tr><td><strong>2nd half XIII Century<\/strong>&nbsp;&#8211; construction of churches and monasteries in city.<br><strong>1315<\/strong>&nbsp;Construction of Synagogue.<br><strong>1328<\/strong>&nbsp;Alfonso XI completes initial work on reform of Alcazar.<br><strong>2nd half XIV<\/strong>&nbsp;&#8211; Alcazar re-enforced. Inquisition Tower completed.<br><strong>1369-1386<\/strong>&nbsp;Wall completed around Alcazar garden. Perhaps Calahorra Tower also built at this time.<br><strong>1391<\/strong>&nbsp;Jewry assaulted. At this time the walled southwestern portion of the city, called the Jewry Castle.<br><strong>1404<\/strong>&nbsp;Malmuerta Tower built along the northwestern Ajerqu\u00eda walls.<\/td><td>&nbsp;<\/td><\/tr><\/tbody><\/table><\/figure>\n\n\n\n<p><strong>Sources<\/strong>:&nbsp;<em>C\u00f3rdoba Capital<\/em>, vol. 1, editor Emilio Cabrera, Caja Provincial de Ahorros de C\u00f3rdoba, 1994 (out of print).&nbsp;<em>Gu\u00eda Arqueol\u00f3gica de C\u00f3rdoba<\/em>, editor Disiderio Vaquerizo Gil,&nbsp;<a href=\"http:\/\/www.plurabelle.es\/\">Plurabelle<\/a>, 2003.&nbsp;<em>Islamic Spain (Architectural Guides for Travellers)<\/em>, Godfrey Goodwin, Penguin Books, 1991 (out of print).<\/p>\n\n\n\n<p><a href=\"https:\/\/infocordoba.com\/spain\/andalusia\/cordoba\/info\/biographies\/biographical_index.htm\">Biographical Index for Cordoba Spain<\/a><\/p>\n\n\n\n<p><strong>Articles<\/strong>:<\/p>\n\n\n\n<p><a href=\"https:\/\/infocordoba.com\/spain\/andalusia\/cordoba\/articles\/christopher_columbus_isabella_ferdinand.htm\">Christopher Columbus and Cordoba<\/a><\/p>\n\n\n\n<p><a href=\"https:\/\/infocordoba.com\/spain\/andalusia\/cordoba\/articles\/mezquita_spanish_cathedrals.htm\">The Historical Context of the Mosque-Cathedral of Cordoba<\/a><\/p>\n","protected":false},"excerpt":{"rendered":"<p>Cordoba was greatly shaped by its long Roman presence (Corduba Colonia Patricia&nbsp;was capital of the province&nbsp;Hispania Ulterior Baetica) and later Moslem occupation (Qurtuba&nbsp;became capital of the powerful Ummayad Caliphate). Both left their monuments and personality. The following is a timeline of Cordoba from its pre-history until the years leading up to the final conquest of &hellip; <a href=\"https:\/\/infocordoba.com\/?page_id=13\" class=\"more-link\">Continue reading<span class=\"screen-reader-text\"> &#8220;History of Cordoba&#8221;<\/span><\/a><\/p>\n","protected":false},"author":1,"featured_media":0,"parent":0,"menu_order":0,"comment_status":"closed","ping_status":"closed","template":"","meta":{"footnotes":""},"aioseo_notices":[],"_links":{"self":[{"href":"https:\/\/infocordoba.com\/index.php?rest_route=\/wp\/v2\/pages\/13"}],"collection":[{"href":"https:\/\/infocordoba.com\/index.php?rest_route=\/wp\/v2\/pages"}],"about":[{"href":"https:\/\/infocordoba.com\/index.php?rest_route=\/wp\/v2\/types\/page"}],"author":[{"embeddable":true,"href":"https:\/\/infocordoba.com\/index.php?rest_route=\/wp\/v2\/users\/1"}],"replies":[{"embeddable":true,"href":"https:\/\/infocordoba.com\/index.php?rest_route=%2Fwp%2Fv2%2Fcomments&post=13"}],"version-history":[{"count":3,"href":"https:\/\/infocordoba.com\/index.php?rest_route=\/wp\/v2\/pages\/13\/revisions"}],"predecessor-version":[{"id":77,"href":"https:\/\/infocordoba.com\/index.php?rest_route=\/wp\/v2\/pages\/13\/revisions\/77"}],"wp:attachment":[{"href":"https:\/\/infocordoba.com\/index.php?rest_route=%2Fwp%2Fv2%2Fmedia&parent=13"}],"curies":[{"name":"wp","href":"https:\/\/api.w.org\/{rel}","templated":true}]}}